{"id":598,"date":"2023-11-11T21:38:33","date_gmt":"2023-11-11T20:38:33","guid":{"rendered":"https:\/\/bocetoweb3.com\/azahar\/inicio-copy\/"},"modified":"2024-03-25T16:58:05","modified_gmt":"2024-03-25T15:58:05","slug":"azahar-panadero","status":"publish","type":"page","link":"https:\/\/azaharpni.com\/en\/azahar-panadero\/","title":{"rendered":"Sobre m\u00ed"},"content":{"rendered":"<div data-elementor-type=\"wp-post\" data-elementor-id=\"598\" class=\"elementor elementor-598\" data-elementor-post-type=\"page\">\n\t\t\t\t<div class=\"elementor-element elementor-element-91ad2e9 e-flex e-con-boxed e-con e-parent\" data-id=\"91ad2e9\" data-element_type=\"container\" data-e-type=\"container\" data-settings=\"{&quot;background_background&quot;:&quot;classic&quot;}\">\n\t\t\t\t\t<div class=\"e-con-inner\">\n\t\t<div class=\"elementor-element elementor-element-a87fc90 e-con-full e-flex e-con e-child\" data-id=\"a87fc90\" data-element_type=\"container\" data-e-type=\"container\">\n\t\t\t\t<div class=\"elementor-element elementor-element-d850938 elementor-widget elementor-widget-heading\" data-id=\"d850938\" data-element_type=\"widget\" data-e-type=\"widget\" data-widget_type=\"heading.default\">\n\t\t\t\t<div class=\"elementor-widget-container\">\n\t\t\t\t\t<p class=\"elementor-heading-title elementor-size-default\">Soy Azahar Panadero Lucas farmac\u00e9utica\u00a0 experta en psiconeuroinmunolog\u00eda, apasionada de la salud, mente inquieta y siempre en constante aprendizaje.\n<br \/>\nLa b\u00fasqueda de la maternidad transformo mi visi\u00f3n de la salud, desde una perspectiva \u00a0farmacentrista\u00a0 a una visi\u00f3n m\u00e1s global e integrativa, m\u00e1s amable e\u00a0 individualizada, buscando restablecer los\u00a0 desequilibrios\u00a0 fisiol\u00f3gicos, restaurar los micronutrientes necesarios y buscando estrategias para una adecuada gesti\u00f3n del estr\u00e9s claves en\u00a0 el buen funcionamiento de salud.\n<br \/>\nSoy comprometida, consciente y realista del momento presente y de la complejidad de cada individuo, por esto mi mirada es siempre generosa, enfocada a dirigirte hacia una salud integrativa con rigor y convicci\u00f3n, adaptarnos es clave para cualquier proceso de cambio.\n<br \/>\nEl conocimiento, escuchar al paciente, la cl\u00ednica que manifiesta y la valoraci\u00f3n los s\u00edntomas en su conjunto, son los pilares de mi consulta.\n<br \/>\nSi quieres saber sobre m\u00e1s sobre m\u00ed, me encanta la naturaleza\u00a0 y como mediterranea\u00a0 amo el\u00a0 mar, es\u00a0 sin duda mi lugar, pero\u00a0 me perder\u00eda en la monta\u00f1a\u00a0 y en el sonido de los r\u00edos, los ba\u00f1os en agua fr\u00eda me reinician, adoro a mis hijos y a mi entorno, soy disfrutona\u00a0 y leal, y aprender es mi pasi\u00f3n, soy responsable y capaz.\n<br \/>\n\u00bfQuieres que caminemos juntos?<\/p>\t\t\t\t<\/div>\n\t\t\t\t<\/div>\n\t\t<div class=\"elementor-element elementor-element-beaf86e e-flex e-con-boxed e-con e-child\" data-id=\"beaf86e\" data-element_type=\"container\" data-e-type=\"container\">\n\t\t\t\t\t<div class=\"e-con-inner\">\n\t\t<div class=\"elementor-element elementor-element-246180e e-flex e-con-boxed e-con e-child\" data-id=\"246180e\" data-element_type=\"container\" data-e-type=\"container\">\n\t\t\t\t\t<div class=\"e-con-inner\">\n\t\t\t\t<div class=\"elementor-element elementor-element-d98290a elementor-align-center elementor-mobile-align-center elementor-widget elementor-widget-button\" data-id=\"d98290a\" data-element_type=\"widget\" data-e-type=\"widget\" data-widget_type=\"button.default\">\n\t\t\t\t<div class=\"elementor-widget-container\">\n\t\t\t\t\t\t\t\t\t<div class=\"elementor-button-wrapper\">\n\t\t\t\t\t<a class=\"elementor-button elementor-button-link elementor-size-sm elementor-animation-grow\" href=\"https:\/\/azaharpni.com\/en\/reserva-cita\/\">\n\t\t\t\t\t\t<span class=\"elementor-button-content-wrapper\">\n\t\t\t\t\t\t\t\t\t<span class=\"elementor-button-text\">Reserva tu cita<\/span>\n\t\t\t\t\t<\/span>\n\t\t\t\t\t<\/a>\n\t\t\t\t<\/div>\n\t\t\t\t\t\t\t\t<\/div>\n\t\t\t\t<\/div>\n\t\t\t\t\t<\/div>\n\t\t\t\t<\/div>\n\t\t<div class=\"elementor-element elementor-element-c3631a6 e-flex e-con-boxed e-con e-child\" data-id=\"c3631a6\" data-element_type=\"container\" data-e-type=\"container\">\n\t\t\t\t\t<div class=\"e-con-inner\">\n\t\t\t\t<div class=\"elementor-element elementor-element-a88c822 elementor-align-center elementor-mobile-align-center elementor-widget elementor-widget-button\" data-id=\"a88c822\" data-element_type=\"widget\" data-e-type=\"widget\" data-widget_type=\"button.default\">\n\t\t\t\t<div class=\"elementor-widget-container\">\n\t\t\t\t\t\t\t\t\t<div class=\"elementor-button-wrapper\">\n\t\t\t\t\t<a class=\"elementor-button elementor-button-link elementor-size-sm elementor-animation-grow\" href=\"https:\/\/azaharpni.com\/wp-content\/uploads\/2024\/03\/CV-Azahar-Panadero.pdf\" target=\"_blank\">\n\t\t\t\t\t\t<span class=\"elementor-button-content-wrapper\">\n\t\t\t\t\t\t\t\t\t<span class=\"elementor-button-text\">Ver curriculum<\/span>\n\t\t\t\t\t<\/span>\n\t\t\t\t\t<\/a>\n\t\t\t\t<\/div>\n\t\t\t\t\t\t\t\t<\/div>\n\t\t\t\t<\/div>\n\t\t\t\t\t<\/div>\n\t\t\t\t<\/div>\n\t\t\t\t\t<\/div>\n\t\t\t\t<\/div>\n\t\t\t\t<\/div>\n\t\t<div class=\"elementor-element elementor-element-4cf4516 e-con-full e-flex e-con e-child\" data-id=\"4cf4516\" data-element_type=\"container\" data-e-type=\"container\">\n\t\t\t\t<div class=\"elementor-element elementor-element-4eb939b elementor-widget elementor-widget-image\" data-id=\"4eb939b\" data-element_type=\"widget\" data-e-type=\"widget\" data-widget_type=\"image.default\">\n\t\t\t\t<div class=\"elementor-widget-container\">\n\t\t\t\t\t\t\t\t\t\t\t\t\t\t\t<img fetchpriority=\"high\" decoding=\"async\" width=\"1000\" height=\"1383\" src=\"https:\/\/azaharpni.com\/wp-content\/uploads\/2024\/03\/Azahar-Home-01.jpg\" class=\"attachment-full size-full wp-image-915\" alt=\"Azahar Panadero\" srcset=\"https:\/\/azaharpni.com\/wp-content\/uploads\/2024\/03\/Azahar-Home-01.jpg 1000w, https:\/\/azaharpni.com\/wp-content\/uploads\/2024\/03\/Azahar-Home-01-217x300.jpg 217w, https:\/\/azaharpni.com\/wp-content\/uploads\/2024\/03\/Azahar-Home-01-740x1024.jpg 740w, https:\/\/azaharpni.com\/wp-content\/uploads\/2024\/03\/Azahar-Home-01-768x1062.jpg 768w, https:\/\/azaharpni.com\/wp-content\/uploads\/2024\/03\/Azahar-Home-01-9x12.jpg 9w\" sizes=\"(max-width: 1000px) 100vw, 1000px\" \/>\t\t\t\t\t\t\t\t\t\t\t\t\t\t\t<\/div>\n\t\t\t\t<\/div>\n\t\t\t\t<\/div>\n\t\t\t\t\t<\/div>\n\t\t\t\t<\/div>\n\t\t<div class=\"elementor-element elementor-element-309ce97 e-flex e-con-boxed e-con e-parent\" data-id=\"309ce97\" data-element_type=\"container\" data-e-type=\"container\" data-settings=\"{&quot;background_background&quot;:&quot;classic&quot;}\">\n\t\t\t\t\t<div class=\"e-con-inner\">\n\t\t\t\t<div class=\"elementor-element elementor-element-11fd83a elementor-widget elementor-widget-heading\" data-id=\"11fd83a\" data-element_type=\"widget\" data-e-type=\"widget\" data-widget_type=\"heading.default\">\n\t\t\t\t<div class=\"elementor-widget-container\">\n\t\t\t\t\t<h4 class=\"elementor-heading-title elementor-size-default\">Mi labor consiste en ayudarte a identificar las causas subyacentes de tus problemas de salud y proporcionarte las herramientas necesarias. <\/h4>\t\t\t\t<\/div>\n\t\t\t\t<\/div>\n\t\t\t\t\t<\/div>\n\t\t\t\t<\/div>\n\t\t\t\t<\/div>","protected":false},"excerpt":{"rendered":"<p>Soy Azahar Panadero Lucas farmac\u00e9utica\u00a0 experta en psiconeuroinmunolog\u00eda, apasionada de la salud, mente inquieta y siempre en constante aprendizaje. La b\u00fasqueda de la maternidad transformo mi visi\u00f3n de la salud, desde una perspectiva \u00a0farmacentrista\u00a0 a una visi\u00f3n m\u00e1s global e integrativa, m\u00e1s amable e\u00a0 individualizada, buscando restablecer los\u00a0 desequilibrios\u00a0 fisiol\u00f3gicos, restaurar los micronutrientes necesarios y [&hellip;]<\/p>\n","protected":false},"author":1,"featured_media":0,"parent":0,"menu_order":0,"comment_status":"closed","ping_status":"closed","template":"","meta":{"footnotes":""},"class_list":["post-598","page","type-page","status-publish","hentry"],"_links":{"self":[{"href":"https:\/\/azaharpni.com\/en\/wp-json\/wp\/v2\/pages\/598","targetHints":{"allow":["GET"]}}],"collection":[{"href":"https:\/\/azaharpni.com\/en\/wp-json\/wp\/v2\/pages"}],"about":[{"href":"https:\/\/azaharpni.com\/en\/wp-json\/wp\/v2\/types\/page"}],"author":[{"embeddable":true,"href":"https:\/\/azaharpni.com\/en\/wp-json\/wp\/v2\/users\/1"}],"replies":[{"embeddable":true,"href":"https:\/\/azaharpni.com\/en\/wp-json\/wp\/v2\/comments?post=598"}],"version-history":[{"count":58,"href":"https:\/\/azaharpni.com\/en\/wp-json\/wp\/v2\/pages\/598\/revisions"}],"predecessor-version":[{"id":1164,"href":"https:\/\/azaharpni.com\/en\/wp-json\/wp\/v2\/pages\/598\/revisions\/1164"}],"wp:attachment":[{"href":"https:\/\/azaharpni.com\/en\/wp-json\/wp\/v2\/media?parent=598"}],"curies":[{"name":"wp","href":"https:\/\/api.w.org\/{rel}","templated":true}]}}