{"id":757,"date":"2024-02-13T19:20:42","date_gmt":"2024-02-13T18:20:42","guid":{"rendered":"https:\/\/bocetoweb3.com\/azahar\/nutricion-copy\/"},"modified":"2024-03-25T16:34:18","modified_gmt":"2024-03-25T15:34:18","slug":"salud-hormonal","status":"publish","type":"page","link":"https:\/\/azaharpni.com\/en\/salud-hormonal\/","title":{"rendered":"Salud Hormonal"},"content":{"rendered":"\t\t<div data-elementor-type=\"wp-post\" data-elementor-id=\"757\" class=\"elementor elementor-757\" data-elementor-post-type=\"page\">\n\t\t\t\t<div class=\"elementor-element elementor-element-13237ea e-con-full e-flex e-con e-parent\" data-id=\"13237ea\" data-element_type=\"container\" data-e-type=\"container\">\n\t\t\t\t<div class=\"elementor-element elementor-element-2b80dd2 elementor-widget elementor-widget-slider_revolution\" data-id=\"2b80dd2\" data-element_type=\"widget\" data-e-type=\"widget\" data-widget_type=\"slider_revolution.default\">\n\t\t\t\t<div class=\"elementor-widget-container\">\n\t\t\t\t\t\n\t\t<div class=\"wp-block-themepunch-revslider\">\n\t\t\t<!-- START Salud Hormonal REVOLUTION SLIDER 6.7.41 --><p class=\"rs-p-wp-fix\"><\/p>\n\t\t\t<rs-module-wrap id=\"rev_slider_4_1_wrapper\" data-source=\"gallery\" style=\"visibility:hidden;background:transparent;padding:0;margin:0px auto;margin-top:0;margin-bottom:0;\">\n\t\t\t\t<rs-module id=\"rev_slider_4_1\" style=\"\" data-version=\"6.7.41\">\n\t\t\t\t\t<rs-slides style=\"overflow: hidden; position: absolute;\">\n\t\t\t\t\t\t<rs-slide style=\"position: absolute;\" data-key=\"rs-4\" data-title=\"Slide\" data-in=\"o:0;\" data-out=\"a:false;\">\n\t\t\t\t\t\t\t<img decoding=\"async\" src=\"\/\/azaharpni.com\/wp-content\/plugins\/revslider\/sr6\/assets\/assets\/dummy.png\" alt=\"Slide\" title=\"Salud Hormonal\" class=\"rev-slidebg tp-rs-img rs-lazyload\" data-lazyload=\"\/\/azaharpni.com\/wp-content\/plugins\/revslider\/sr6\/assets\/assets\/transparent.png\" data-no-retina>\n<!--\n\t\t\t\t\t\t\t--><rs-layer\n\t\t\t\t\t\t\t\tid=\"slider-4-slide-4-layer-0\" \n\t\t\t\t\t\t\t\tdata-type=\"image\"\n\t\t\t\t\t\t\t\tdata-rsp_ch=\"on\"\n\t\t\t\t\t\t\t\tdata-xy=\"xo:0,0,-216px,-503px;yo:0,0,-63px,-1px;\"\n\t\t\t\t\t\t\t\tdata-text=\"w:normal;s:20,20,4,4;l:0,0,6,6;\"\n\t\t\t\t\t\t\t\tdata-dim=\"w:3840px,3840px,1139px,1281px;h:2160px,2160px,641px,721px;\"\n\t\t\t\t\t\t\t\tdata-frame_0=\"sX:2;sY:2;\"\n\t\t\t\t\t\t\t\tdata-frame_0_mask=\"u:t;\"\n\t\t\t\t\t\t\t\tdata-frame_1=\"e:power2.out;sp:7070;\"\n\t\t\t\t\t\t\t\tdata-frame_1_mask=\"u:t;\"\n\t\t\t\t\t\t\t\tdata-frame_999=\"o:0;st:w;sR:1930;\"\n\t\t\t\t\t\t\t\tstyle=\"z-index:6;\"\n\t\t\t\t\t\t\t><img fetchpriority=\"high\" decoding=\"async\" src=\"\/\/azaharpni.com\/wp-content\/plugins\/revslider\/sr6\/assets\/assets\/dummy.png\" alt=\"Foto Ilustrativa Salud Hormonal\" class=\"tp-rs-img rs-lazyload\" width=\"2560\" height=\"1440\" data-lazyload=\"\/\/azaharpni.com\/wp-content\/uploads\/2024\/02\/salud-hormonal-slider-3-scaled.jpg\" data-no-retina> \n\t\t\t\t\t\t\t<\/rs-layer><!--\n\n\t\t\t\t\t\t\t--><rs-layer\n\t\t\t\t\t\t\t\tid=\"slider-4-slide-4-layer-2\" \n\t\t\t\t\t\t\t\tdata-type=\"text\"\n\t\t\t\t\t\t\t\tdata-tsh=\"h:3px,3px,0px,0px;v:3px,3px,0px,0px;b:5px,5px,0px,0px;\"\n\t\t\t\t\t\t\t\tdata-rsp_ch=\"on\"\n\t\t\t\t\t\t\t\tdata-xy=\"xo:472px,472px,94px,34px;yo:573px,573px,115px,27px;\"\n\t\t\t\t\t\t\t\tdata-text=\"w:normal;s:112,112,35,31;l:104,104,32,28;fw:500;\"\n\t\t\t\t\t\t\t\tdata-frame_0=\"x:0,0,0px,0px;y:0,0,0px,0px;\"\n\t\t\t\t\t\t\t\tdata-frame_1=\"x:0,0,0px,0px;y:0,0,0px,0px;e:power4.inOut;st:1900;sp:1500;sR:1900;\"\n\t\t\t\t\t\t\t\tdata-frame_999=\"o:0;st:w;sR:5600;\"\n\t\t\t\t\t\t\t\tstyle=\"z-index:8;font-family:'Kanit';\"\n\t\t\t\t\t\t\t>Descubre el equilibrio <br \/>\nhormonal con <br \/>\nprogramas de <br \/>\nsalud  personalizados. \n\t\t\t\t\t\t\t<\/rs-layer><!--\n\n\t\t\t\t\t\t\t--><rs-layer\n\t\t\t\t\t\t\t\tid=\"slider-4-slide-4-layer-3\" \n\t\t\t\t\t\t\t\tdata-type=\"image\"\n\t\t\t\t\t\t\t\tdata-rsp_ch=\"on\"\n\t\t\t\t\t\t\t\tdata-xy=\"xo:524px,524px,101px,30px;yo:1221px,1221px,294px,193px;\"\n\t\t\t\t\t\t\t\tdata-text=\"w:normal;s:20,20,4,4;l:0,0,6,6;\"\n\t\t\t\t\t\t\t\tdata-dim=\"w:800px,800px,217px,238px;h:170px,170px,46px,51px;\"\n\t\t\t\t\t\t\t\tdata-frame_1=\"st:2230;sp:2550;sR:2230;\"\n\t\t\t\t\t\t\t\tdata-frame_999=\"o:0;st:w;sR:4220;\"\n\t\t\t\t\t\t\t\tstyle=\"z-index:7;\"\n\t\t\t\t\t\t\t><img decoding=\"async\" src=\"\/\/azaharpni.com\/wp-content\/plugins\/revslider\/sr6\/assets\/assets\/dummy.png\" alt=\"Logo Azahar PNI\" class=\"tp-rs-img rs-lazyload\" width=\"1920\" height=\"409\" data-lazyload=\"\/\/azaharpni.com\/wp-content\/uploads\/2024\/02\/Logo-Azahar-invert-slider.png\" data-no-retina> \n\t\t\t\t\t\t\t<\/rs-layer><!--\n-->\t\t\t\t\t<\/rs-slide>\n\t\t\t\t\t<\/rs-slides>\n\t\t\t\t<\/rs-module>\n\t\t\t\t<script>\n\t\t\t\t\tsetREVStartSize({c: 'rev_slider_4_1',rl:[1240,1240,778,480],el:[2160,2160,550,720],gw:[3840,3840,778,480],gh:[2160,2160,550,720],type:'standard',justify:'',layout:'fullwidth',mh:\"0\"});if (window.RS_MODULES!==undefined && window.RS_MODULES.modules!==undefined && window.RS_MODULES.modules[\"revslider41\"]!==undefined) {window.RS_MODULES.modules[\"revslider41\"].once = false;window.revapi4 = undefined;if (window.RS_MODULES.checkMinimal!==undefined) window.RS_MODULES.checkMinimal()}\n\t\t\t\t<\/script>\n\t\t\t<\/rs-module-wrap>\n\t\t\t<!-- END REVOLUTION SLIDER -->\n<\/div>\n\n\t\t\t\t\t\t<\/div>\n\t\t\t\t<\/div>\n\t\t\t\t<\/div>\n\t\t<div class=\"elementor-element elementor-element-81bb33f e-flex e-con-boxed e-con e-parent\" data-id=\"81bb33f\" data-element_type=\"container\" data-e-type=\"container\">\n\t\t\t\t\t<div class=\"e-con-inner\">\n\t\t<div class=\"elementor-element elementor-element-a849ce9 e-flex e-con-boxed e-con e-child\" data-id=\"a849ce9\" data-element_type=\"container\" data-e-type=\"container\">\n\t\t\t\t\t<div class=\"e-con-inner\">\n\t\t\t\t<div class=\"elementor-element elementor-element-073f1da elementor-widget elementor-widget-heading\" data-id=\"073f1da\" data-element_type=\"widget\" data-e-type=\"widget\" data-widget_type=\"heading.default\">\n\t\t\t\t<div class=\"elementor-widget-container\">\n\t\t\t\t\t<h2 class=\"elementor-heading-title elementor-size-default\">Un cuerpo en equilibrio es la clave para una vida plena\n<\/h2>\t\t\t\t<\/div>\n\t\t\t\t<\/div>\n\t\t\t\t<div class=\"elementor-element elementor-element-8fcd722 elementor-widget elementor-widget-heading\" data-id=\"8fcd722\" data-element_type=\"widget\" data-e-type=\"widget\" data-widget_type=\"heading.default\">\n\t\t\t\t<div class=\"elementor-widget-container\">\n\t\t\t\t\t<h1 class=\"elementor-heading-title elementor-size-default\">Salud Hormonal<\/h1>\t\t\t\t<\/div>\n\t\t\t\t<\/div>\n\t\t\t\t\t<\/div>\n\t\t\t\t<\/div>\n\t\t\t\t\t<\/div>\n\t\t\t\t<\/div>\n\t\t<div class=\"elementor-element elementor-element-0843e64 e-flex e-con-boxed e-con e-parent\" data-id=\"0843e64\" data-element_type=\"container\" data-e-type=\"container\" data-settings=\"{&quot;background_background&quot;:&quot;classic&quot;}\">\n\t\t\t\t\t<div class=\"e-con-inner\">\n\t\t\t\t<div class=\"elementor-element elementor-element-b34b2c2 elementor-widget elementor-widget-heading\" data-id=\"b34b2c2\" data-element_type=\"widget\" data-e-type=\"widget\" data-widget_type=\"heading.default\">\n\t\t\t\t<div class=\"elementor-widget-container\">\n\t\t\t\t\t<h4 class=\"elementor-heading-title elementor-size-default\">Te guiar\u00e9 en un viaje hacia el bienestar, ofreciendo terapias integrales y efectivas para optimizar tu salud hormonal. <\/h4>\t\t\t\t<\/div>\n\t\t\t\t<\/div>\n\t\t\t\t\t<\/div>\n\t\t\t\t<\/div>\n\t\t<div class=\"elementor-element elementor-element-ffac0c2 e-flex e-con-boxed e-con e-parent\" data-id=\"ffac0c2\" data-element_type=\"container\" data-e-type=\"container\">\n\t\t\t\t\t<div class=\"e-con-inner\">\n\t\t\t\t<div class=\"elementor-element elementor-element-2196767 elementor-widget elementor-widget-heading\" data-id=\"2196767\" data-element_type=\"widget\" data-e-type=\"widget\" data-widget_type=\"heading.default\">\n\t\t\t\t<div class=\"elementor-widget-container\">\n\t\t\t\t\t<p class=\"elementor-heading-title elementor-size-default\">Soy especialista en <strong>s\u00edndrome de ovario poliqu\u00edstico (SOP), endometriosis y amenorrea hipotal\u00e1mica <\/strong>y estoy comprometida en brindarte el tratamiento y el apoyo que necesitas. <br \/>\nMi enfoque integral incluye evaluaciones exhaustivas, opciones de tratamiento personalizadas y un enfoque integral. <br \/><strong>Ya sea que est\u00e9s luchando con per\u00edodos irregulares, dolor p\u00e9lvico o dificultades para concebir, <\/strong>estoy aqu\u00ed para ayudarte a recuperar tu calidad de vida y tu bienestar hormonal.<\/p>\t\t\t\t<\/div>\n\t\t\t\t<\/div>\n\t\t\t\t\t<\/div>\n\t\t\t\t<\/div>\n\t\t<div class=\"elementor-element elementor-element-918576b e-flex e-con-boxed e-con e-parent\" data-id=\"918576b\" data-element_type=\"container\" data-e-type=\"container\" data-settings=\"{&quot;background_background&quot;:&quot;classic&quot;}\">\n\t\t\t\t\t<div class=\"e-con-inner\">\n\t\t<div class=\"elementor-element elementor-element-f3b9b60 e-flex e-con-boxed e-con e-child\" data-id=\"f3b9b60\" data-element_type=\"container\" data-e-type=\"container\">\n\t\t\t\t\t<div class=\"e-con-inner\">\n\t\t\t\t<div class=\"elementor-element elementor-element-2d3352c elementor-widget elementor-widget-heading\" data-id=\"2d3352c\" data-element_type=\"widget\" data-e-type=\"widget\" data-widget_type=\"heading.default\">\n\t\t\t\t<div class=\"elementor-widget-container\">\n\t\t\t\t\t<p class=\"elementor-heading-title elementor-size-default\">Desde la gesti\u00f3n del estr\u00e9s hasta la regulaci\u00f3n del ciclo menstrual, estoy aqu\u00ed para ayudarte a sentirte en tu mejor momento.<\/p>\t\t\t\t<\/div>\n\t\t\t\t<\/div>\n\t\t\t\t<div class=\"elementor-element elementor-element-9f17881 elementor-align-right elementor-mobile-align-center elementor-widget elementor-widget-button\" data-id=\"9f17881\" data-element_type=\"widget\" data-e-type=\"widget\" data-widget_type=\"button.default\">\n\t\t\t\t<div class=\"elementor-widget-container\">\n\t\t\t\t\t\t\t\t\t<div class=\"elementor-button-wrapper\">\n\t\t\t\t\t<a class=\"elementor-button elementor-button-link elementor-size-sm elementor-animation-grow\" href=\"#\">\n\t\t\t\t\t\t<span class=\"elementor-button-content-wrapper\">\n\t\t\t\t\t\t\t\t\t<span class=\"elementor-button-text\">Reserva tu cita<\/span>\n\t\t\t\t\t<\/span>\n\t\t\t\t\t<\/a>\n\t\t\t\t<\/div>\n\t\t\t\t\t\t\t\t<\/div>\n\t\t\t\t<\/div>\n\t\t\t\t\t<\/div>\n\t\t\t\t<\/div>\n\t\t<div class=\"elementor-element elementor-element-e3c718a e-con-full e-flex e-con e-child\" data-id=\"e3c718a\" data-element_type=\"container\" data-e-type=\"container\">\n\t\t\t\t<\/div>\n\t\t\t\t\t<\/div>\n\t\t\t\t<\/div>\n\t\t<div class=\"elementor-element elementor-element-c1ffdf6 e-flex e-con-boxed e-con e-parent\" data-id=\"c1ffdf6\" data-element_type=\"container\" data-e-type=\"container\">\n\t\t\t\t\t<div class=\"e-con-inner\">\n\t\t\t\t<div class=\"elementor-element elementor-element-07107d5 elementor-widget elementor-widget-heading\" data-id=\"07107d5\" data-element_type=\"widget\" data-e-type=\"widget\" data-widget_type=\"heading.default\">\n\t\t\t\t<div class=\"elementor-widget-container\">\n\t\t\t\t\t<h3 class=\"elementor-heading-title elementor-size-default\">\u00bfQu\u00e9 es la Salud Hormonal?\n<\/h3>\t\t\t\t<\/div>\n\t\t\t\t<\/div>\n\t\t\t\t<div class=\"elementor-element elementor-element-c037409 elementor-widget elementor-widget-heading\" data-id=\"c037409\" data-element_type=\"widget\" data-e-type=\"widget\" data-widget_type=\"heading.default\">\n\t\t\t\t<div class=\"elementor-widget-container\">\n\t\t\t\t\t<p class=\"elementor-heading-title elementor-size-default\">La salud hormonal se refiere al equilibrio y funcionamiento adecuado de las hormonas en el cuerpo. <br \/>Las hormonas son mensajeros qu\u00edmicos que regulan una variedad de funciones corporales, incluyendo el metabolismo, el estado de \u00e1nimo, el sue\u00f1o, la reproducci\u00f3n y el sistema inmunol\u00f3gico. <br \/>Cuando las hormonas est\u00e1n desequilibradas o fuera de control, puede provocar una serie de problemas de salud, como fatiga, cambios de humor, aumento de peso, problemas de fertilidad, trastornos del sue\u00f1o y m\u00e1s. <br \/>Por lo tanto, mantener una buena salud hormonal es esencial para el bienestar general y la calidad de vida.<\/p>\t\t\t\t<\/div>\n\t\t\t\t<\/div>\n\t\t\t\t\t<\/div>\n\t\t\t\t<\/div>\n\t\t<div class=\"elementor-element elementor-element-e5cfaf7 e-flex e-con-boxed e-con e-parent\" data-id=\"e5cfaf7\" data-element_type=\"container\" data-e-type=\"container\" data-settings=\"{&quot;background_background&quot;:&quot;classic&quot;}\">\n\t\t\t\t\t<div class=\"e-con-inner\">\n\t\t\t\t<div class=\"elementor-element elementor-element-be38aed elementor-widget elementor-widget-heading\" data-id=\"be38aed\" data-element_type=\"widget\" data-e-type=\"widget\" data-widget_type=\"heading.default\">\n\t\t\t\t<div class=\"elementor-widget-container\">\n\t\t\t\t\t<h4 class=\"elementor-heading-title elementor-size-default\">Recupera tu energ\u00eda, tu vitalidad y tu bienestar<\/h4>\t\t\t\t<\/div>\n\t\t\t\t<\/div>\n\t\t\t\t\t<\/div>\n\t\t\t\t<\/div>\n\t\t<section class=\"elementor-element elementor-element-c246171 e-flex e-con-boxed e-con e-parent\" data-id=\"c246171\" data-element_type=\"container\" data-e-type=\"container\" data-settings=\"{&quot;background_background&quot;:&quot;classic&quot;}\">\n\t\t\t\t\t<div class=\"e-con-inner\">\n\t\t<div class=\"elementor-element elementor-element-552f9d4 e-flex e-con-boxed e-con e-child\" data-id=\"552f9d4\" data-element_type=\"container\" data-e-type=\"container\">\n\t\t\t\t\t<div class=\"e-con-inner\">\n\t\t\t\t<div class=\"elementor-element elementor-element-ae7bf67 elementor-widget elementor-widget-heading\" data-id=\"ae7bf67\" data-element_type=\"widget\" data-e-type=\"widget\" data-widget_type=\"heading.default\">\n\t\t\t\t<div class=\"elementor-widget-container\">\n\t\t\t\t\t<h3 class=\"elementor-heading-title elementor-size-default\">SOP,  endometriosis y amenorrea hipotal\u00e1mica.<\/h3>\t\t\t\t<\/div>\n\t\t\t\t<\/div>\n\t\t\t\t<div class=\"elementor-element elementor-element-95278ed elementor-widget elementor-widget-heading\" data-id=\"95278ed\" data-element_type=\"widget\" data-e-type=\"widget\" data-widget_type=\"heading.default\">\n\t\t\t\t<div class=\"elementor-widget-container\">\n\t\t\t\t\t<p class=\"elementor-heading-title elementor-size-default\">Entender la naturaleza de cada una de estas afecciones es fundamental para proporcionar un diagn\u00f3stico preciso y un tratamiento efectivo que aborde las necesidades individuales de cada paciente.<\/p>\t\t\t\t<\/div>\n\t\t\t\t<\/div>\n\t\t\t\t\t<\/div>\n\t\t\t\t<\/div>\n\t\t<div class=\"elementor-element elementor-element-00d0f27 e-con-full e-flex e-con e-child\" data-id=\"00d0f27\" data-element_type=\"container\" data-e-type=\"container\">\n\t\t\t\t<div class=\"elementor-element elementor-element-0920333 elementor-widget elementor-widget-accordion\" data-id=\"0920333\" data-element_type=\"widget\" data-e-type=\"widget\" data-widget_type=\"accordion.default\">\n\t\t\t\t<div class=\"elementor-widget-container\">\n\t\t\t\t\t\t\t<div class=\"elementor-accordion\">\n\t\t\t\t\t\t\t<div class=\"elementor-accordion-item\">\n\t\t\t\t\t<h3 id=\"elementor-tab-title-9561\" class=\"elementor-tab-title\" data-tab=\"1\" role=\"button\" aria-controls=\"elementor-tab-content-9561\" aria-expanded=\"false\">\n\t\t\t\t\t\t\t\t\t\t\t\t\t<span class=\"elementor-accordion-icon elementor-accordion-icon-right\" aria-hidden=\"true\">\n\t\t\t\t\t\t\t\t\t\t\t\t\t\t\t<span class=\"elementor-accordion-icon-closed\"><svg class=\"e-font-icon-svg e-fas-chevron-down\" viewBox=\"0 0 448 512\" xmlns=\"http:\/\/www.w3.org\/2000\/svg\"><path d=\"M207.029 381.476L12.686 187.132c-9.373-9.373-9.373-24.569 0-33.941l22.667-22.667c9.357-9.357 24.522-9.375 33.901-.04L224 284.505l154.745-154.021c9.379-9.335 24.544-9.317 33.901.04l22.667 22.667c9.373 9.373 9.373 24.569 0 33.941L240.971 381.476c-9.373 9.372-24.569 9.372-33.942 0z\"><\/path><\/svg><\/span>\n\t\t\t\t\t\t\t\t<span class=\"elementor-accordion-icon-opened\"><\/span>\n\t\t\t\t\t\t\t\t\t\t\t\t\t\t<\/span>\n\t\t\t\t\t\t\t\t\t\t\t\t<a class=\"elementor-accordion-title\" tabindex=\"0\">S\u00edndrome de Ovario Poliqu\u00edstico (SOP)<\/a>\n\t\t\t\t\t<\/h3>\n\t\t\t\t\t<div id=\"elementor-tab-content-9561\" class=\"elementor-tab-content elementor-clearfix\" data-tab=\"1\" role=\"region\" aria-labelledby=\"elementor-tab-title-9561\"><p>Es un trastorno hormonal com\u00fan entre las mujeres en edad reproductiva, que afecta los ovarios y el equilibrio hormonal. En el SOP, los ovarios pueden desarrollar m\u00faltiples quistes peque\u00f1os y no liberar \u00f3vulos regularmente. Esto puede causar irregularidades menstruales, exceso de hormonas masculinas (andr\u00f3genos) y problemas de fertilidad. Los s\u00edntomas pueden incluir per\u00edodos irregulares o ausentes, aumento de vello corporal, acn\u00e9 y dificultades para concebir.<\/p><\/div>\n\t\t\t\t<\/div>\n\t\t\t\t\t\t\t<div class=\"elementor-accordion-item\">\n\t\t\t\t\t<h3 id=\"elementor-tab-title-9562\" class=\"elementor-tab-title\" data-tab=\"2\" role=\"button\" aria-controls=\"elementor-tab-content-9562\" aria-expanded=\"false\">\n\t\t\t\t\t\t\t\t\t\t\t\t\t<span class=\"elementor-accordion-icon elementor-accordion-icon-right\" aria-hidden=\"true\">\n\t\t\t\t\t\t\t\t\t\t\t\t\t\t\t<span class=\"elementor-accordion-icon-closed\"><svg class=\"e-font-icon-svg e-fas-chevron-down\" viewBox=\"0 0 448 512\" xmlns=\"http:\/\/www.w3.org\/2000\/svg\"><path d=\"M207.029 381.476L12.686 187.132c-9.373-9.373-9.373-24.569 0-33.941l22.667-22.667c9.357-9.357 24.522-9.375 33.901-.04L224 284.505l154.745-154.021c9.379-9.335 24.544-9.317 33.901.04l22.667 22.667c9.373 9.373 9.373 24.569 0 33.941L240.971 381.476c-9.373 9.372-24.569 9.372-33.942 0z\"><\/path><\/svg><\/span>\n\t\t\t\t\t\t\t\t<span class=\"elementor-accordion-icon-opened\"><\/span>\n\t\t\t\t\t\t\t\t\t\t\t\t\t\t<\/span>\n\t\t\t\t\t\t\t\t\t\t\t\t<a class=\"elementor-accordion-title\" tabindex=\"0\">Endometriosis<\/a>\n\t\t\t\t\t<\/h3>\n\t\t\t\t\t<div id=\"elementor-tab-content-9562\" class=\"elementor-tab-content elementor-clearfix\" data-tab=\"2\" role=\"region\" aria-labelledby=\"elementor-tab-title-9562\"><p>Es una enfermedad en la que el tejido similar al revestimiento del \u00fatero (endometrio) crece fuera del \u00fatero. Este tejido puede adherirse a los ovarios, las trompas de Falopio, el intestino u otros \u00f3rganos p\u00e9lvicos. Durante el ciclo menstrual, este tejido fuera del \u00fatero tambi\u00e9n se inflama y sangra, lo que puede causar dolor intenso, per\u00edodos dolorosos, dolor p\u00e9lvico cr\u00f3nico e infertilidad.<\/p><\/div>\n\t\t\t\t<\/div>\n\t\t\t\t\t\t\t<div class=\"elementor-accordion-item\">\n\t\t\t\t\t<h3 id=\"elementor-tab-title-9563\" class=\"elementor-tab-title\" data-tab=\"3\" role=\"button\" aria-controls=\"elementor-tab-content-9563\" aria-expanded=\"false\">\n\t\t\t\t\t\t\t\t\t\t\t\t\t<span class=\"elementor-accordion-icon elementor-accordion-icon-right\" aria-hidden=\"true\">\n\t\t\t\t\t\t\t\t\t\t\t\t\t\t\t<span class=\"elementor-accordion-icon-closed\"><svg class=\"e-font-icon-svg e-fas-chevron-down\" viewBox=\"0 0 448 512\" xmlns=\"http:\/\/www.w3.org\/2000\/svg\"><path d=\"M207.029 381.476L12.686 187.132c-9.373-9.373-9.373-24.569 0-33.941l22.667-22.667c9.357-9.357 24.522-9.375 33.901-.04L224 284.505l154.745-154.021c9.379-9.335 24.544-9.317 33.901.04l22.667 22.667c9.373 9.373 9.373 24.569 0 33.941L240.971 381.476c-9.373 9.372-24.569 9.372-33.942 0z\"><\/path><\/svg><\/span>\n\t\t\t\t\t\t\t\t<span class=\"elementor-accordion-icon-opened\"><\/span>\n\t\t\t\t\t\t\t\t\t\t\t\t\t\t<\/span>\n\t\t\t\t\t\t\t\t\t\t\t\t<a class=\"elementor-accordion-title\" tabindex=\"0\">Amenorrea Hipotal\u00e1mica<\/a>\n\t\t\t\t\t<\/h3>\n\t\t\t\t\t<div id=\"elementor-tab-content-9563\" class=\"elementor-tab-content elementor-clearfix\" data-tab=\"3\" role=\"region\" aria-labelledby=\"elementor-tab-title-9563\"><p>Es una condici\u00f3n en la que los ovarios dejan de funcionar normalmente debido a un problema en la comunicaci\u00f3n entre el hipot\u00e1lamo (una parte del cerebro que regula las hormonas) y la gl\u00e1ndula pituitaria. Esto puede ser causado por una variedad de factores, como el estr\u00e9s extremo, la p\u00e9rdida de peso significativa, el exceso de ejercicio o trastornos alimentarios. La amenorrea hipotal\u00e1mica puede causar per\u00edodos irregulares o ausentes, junto con otros s\u00edntomas relacionados con el desequilibrio hormonal.<\/p><\/div>\n\t\t\t\t<\/div>\n\t\t\t\t\t\t\t\t<\/div>\n\t\t\t\t\t\t<\/div>\n\t\t\t\t<\/div>\n\t\t\t\t<\/div>\n\t\t\t\t\t<\/div>\n\t\t\t\t<\/section>\n\t\t\t\t<\/div>\n\t\t","protected":false},"excerpt":{"rendered":"<p>Un cuerpo en equilibrio es la clave para una vida plena Salud Hormonal Te guiar\u00e9 en un viaje hacia el bienestar, ofreciendo terapias integrales y efectivas para optimizar tu salud hormonal. Soy especialista en s\u00edndrome de ovario poliqu\u00edstico (SOP), endometriosis y amenorrea hipotal\u00e1mica y estoy comprometida en brindarte el tratamiento y el apoyo que necesitas. [&hellip;]<\/p>\n","protected":false},"author":1,"featured_media":0,"parent":0,"menu_order":0,"comment_status":"closed","ping_status":"closed","template":"","meta":{"footnotes":""},"class_list":["post-757","page","type-page","status-publish","hentry"],"_links":{"self":[{"href":"https:\/\/azaharpni.com\/en\/wp-json\/wp\/v2\/pages\/757","targetHints":{"allow":["GET"]}}],"collection":[{"href":"https:\/\/azaharpni.com\/en\/wp-json\/wp\/v2\/pages"}],"about":[{"href":"https:\/\/azaharpni.com\/en\/wp-json\/wp\/v2\/types\/page"}],"author":[{"embeddable":true,"href":"https:\/\/azaharpni.com\/en\/wp-json\/wp\/v2\/users\/1"}],"replies":[{"embeddable":true,"href":"https:\/\/azaharpni.com\/en\/wp-json\/wp\/v2\/comments?post=757"}],"version-history":[{"count":58,"href":"https:\/\/azaharpni.com\/en\/wp-json\/wp\/v2\/pages\/757\/revisions"}],"predecessor-version":[{"id":1129,"href":"https:\/\/azaharpni.com\/en\/wp-json\/wp\/v2\/pages\/757\/revisions\/1129"}],"wp:attachment":[{"href":"https:\/\/azaharpni.com\/en\/wp-json\/wp\/v2\/media?parent=757"}],"curies":[{"name":"wp","href":"https:\/\/api.w.org\/{rel}","templated":true}]}}